{"id":869,"date":"2023-03-25T11:12:55","date_gmt":"2023-03-25T03:12:55","guid":{"rendered":"https:\/\/crystalgifts.co\/?post_type=product&#038;p=869"},"modified":"2023-03-25T11:12:56","modified_gmt":"2023-03-25T03:12:56","slug":"crystal-laser-114","status":"publish","type":"product","link":"https:\/\/crystalgifts.co\/?product=crystal-laser-114","title":{"rendered":"Crystal laser 114"},"content":{"rendered":"","protected":false},"excerpt":{"rendered":"<p>Crystal Product Details Description\uff1a<\/p>\n<table width=\"88%\">\n<tbody>\n<tr>\n<td width=\"38%\">Size\uff08mm\uff09L x W x H<\/td>\n<td width=\"28%\">Material<\/td>\n<td width=\"15%\">Grades<\/td>\n<td width=\"17%\">Packaging<\/td>\n<\/tr>\n<tr>\n<td width=\"38%\">\u00d8100<\/td>\n<td width=\"28%\">K9<\/td>\n<td width=\"15%\">A<\/td>\n<td width=\"17%\">Gift Box<\/td>\n<\/tr>\n<tr>\n<td width=\"38%\">\u00d8120<\/td>\n<td width=\"28%\">K9<\/td>\n<td width=\"15%\">A<\/td>\n<td width=\"17%\">Gift Box<\/td>\n<\/tr>\n<tr>\n<td width=\"38%\">\u00d8140<\/td>\n<td width=\"28%\">K9<\/td>\n<td width=\"15%\">A<\/td>\n<td width=\"17%\">Gift Box<\/td>\n<\/tr>\n<tr>\n<td width=\"38%\">\u00d8160<\/td>\n<td width=\"28%\">K9<\/td>\n<td width=\"15%\">A<\/td>\n<td width=\"17%\">Gift Box<\/td>\n<\/tr>\n<tr>\n<td width=\"38%\">\u00d8180<\/td>\n<td width=\"28%\">K9<\/td>\n<td width=\"15%\">A<\/td>\n<td width=\"17%\">Gift Box<\/td>\n<\/tr>\n<tr>\n<td width=\"38%\">\u00d8200<\/td>\n<td width=\"28%\">K9<\/td>\n<td width=\"15%\">A<\/td>\n<td width=\"17%\">Gift Box<\/td>\n<\/tr>\n<tr>\n<td width=\"38%\">\u00d8220<\/td>\n<td width=\"28%\">K9<\/td>\n<td width=\"15%\">A<\/td>\n<td width=\"17%\">Gift Box<\/td>\n<\/tr>\n<\/tbody>\n<\/table>\n<p>Products process:\u00a0Crystal 3D laser internal engraving shib dog.<\/p>\n<p>Crystal laser engraved products can be personalized with custom designs, text, and logos tailored to your unique specifications.\u00a0 turnaround time for sample production is 3-5 days. Contact us now to learn more about our bespoke crystal products and personalized laser engraving services.<\/p>\n","protected":false},"featured_media":777,"comment_status":"closed","ping_status":"closed","template":"","meta":[],"product_cat":[28],"product_tag":[],"class_list":{"0":"post-869","1":"product","2":"type-product","3":"status-publish","4":"has-post-thumbnail","6":"product_cat-crystal-laser","8":"first","9":"instock","10":"shipping-taxable","11":"product-type-simple"},"yoast_head":"<!-- This site is optimized with the Yoast SEO plugin v20.8 - https:\/\/yoast.com\/wordpress\/plugins\/seo\/ -->\n<title>Crystal laser 114 - Bohua Crystal Awards Trophy Crafts Gifts<\/title>\n<meta name=\"robots\" content=\"index, follow, max-snippet:-1, max-image-preview:large, max-video-preview:-1\" \/>\n<link rel=\"canonical\" href=\"https:\/\/crystalgifts.co\/?product=crystal-laser-114\" \/>\n<meta property=\"og:locale\" content=\"zh_CN\" \/>\n<meta property=\"og:type\" content=\"article\" \/>\n<meta property=\"og:title\" content=\"Crystal laser 114 - Bohua Crystal Awards Trophy Crafts Gifts\" \/>\n<meta property=\"og:description\" content=\"Crystal Product Details Description\uff1a    Size\uff08mm\uff09L x W x H Material Grades Packaging   \u00d8100 K9 A Gift Box   \u00d8120 K9 A Gift Box   \u00d8140 K9 A Gift Box   \u00d8160 K9 A Gift Box   \u00d8180 K9 A Gift Box   \u00d8200 K9 A Gift Box   \u00d8220 K9 A Gift Box    Products process:\u00a0Crystal 3D laser internal engraving shib dog.  Crystal laser engraved products can be personalized with custom designs, text, and logos tailored to your unique specifications.\u00a0 turnaround time for sample production is 3-5 days. Contact us now to learn more about our bespoke crystal products and personalized laser engraving services.\" \/>\n<meta property=\"og:url\" content=\"https:\/\/crystalgifts.co\/?product=crystal-laser-114\" \/>\n<meta property=\"og:site_name\" content=\"Bohua Crystal Awards Trophy Crafts Gifts\" \/>\n<meta property=\"article:publisher\" content=\"https:\/\/www.facebook.com\/profile.php?id=100073669855872\" \/>\n<meta property=\"article:modified_time\" content=\"2023-03-25T03:12:56+00:00\" \/>\n<meta property=\"og:image\" content=\"https:\/\/crystalgifts.co\/wp-content\/uploads\/2023\/03\/crystal_laser_114.jpg\" \/>\n\t<meta property=\"og:image:width\" content=\"700\" \/>\n\t<meta property=\"og:image:height\" content=\"700\" \/>\n\t<meta property=\"og:image:type\" content=\"image\/jpeg\" \/>\n<meta name=\"twitter:card\" content=\"summary_large_image\" \/>\n<meta name=\"twitter:site\" content=\"@BohuaCrystal\" \/>\n<script type=\"application\/ld+json\" class=\"yoast-schema-graph\">{\"@context\":\"https:\/\/schema.org\",\"@graph\":[{\"@type\":\"WebPage\",\"@id\":\"https:\/\/crystalgifts.co\/?product=crystal-laser-114\",\"url\":\"https:\/\/crystalgifts.co\/?product=crystal-laser-114\",\"name\":\"Crystal laser 114 - Bohua Crystal Awards Trophy Crafts Gifts\",\"isPartOf\":{\"@id\":\"https:\/\/crystalgifts.co\/#website\"},\"datePublished\":\"2023-03-25T03:12:55+00:00\",\"dateModified\":\"2023-03-25T03:12:56+00:00\",\"breadcrumb\":{\"@id\":\"https:\/\/crystalgifts.co\/?product=crystal-laser-114#breadcrumb\"},\"inLanguage\":\"zh-Hans\",\"potentialAction\":[{\"@type\":\"ReadAction\",\"target\":[\"https:\/\/crystalgifts.co\/?product=crystal-laser-114\"]}]},{\"@type\":\"BreadcrumbList\",\"@id\":\"https:\/\/crystalgifts.co\/?product=crystal-laser-114#breadcrumb\",\"itemListElement\":[{\"@type\":\"ListItem\",\"position\":1,\"name\":\"\u9996\u9875\",\"item\":\"https:\/\/crystalgifts.co\/\"},{\"@type\":\"ListItem\",\"position\":2,\"name\":\"\u4ea7\u54c1\",\"item\":\"https:\/\/crystalgifts.co\/?post_type=product\"},{\"@type\":\"ListItem\",\"position\":3,\"name\":\"Crystal laser 114\"}]},{\"@type\":\"WebSite\",\"@id\":\"https:\/\/crystalgifts.co\/#website\",\"url\":\"https:\/\/crystalgifts.co\/\",\"name\":\"Bohua Crystal Awards Trophy Crystal Crafts Gifts\",\"description\":\"Crystal Crafts Crystal Gifts And Crystal Awards  Crystal Business Souvenirs Preferred\",\"publisher\":{\"@id\":\"https:\/\/crystalgifts.co\/#organization\"},\"potentialAction\":[{\"@type\":\"SearchAction\",\"target\":{\"@type\":\"EntryPoint\",\"urlTemplate\":\"https:\/\/crystalgifts.co\/?s={search_term_string}\"},\"query-input\":\"required name=search_term_string\"}],\"inLanguage\":\"zh-Hans\"},{\"@type\":\"Organization\",\"@id\":\"https:\/\/crystalgifts.co\/#organization\",\"name\":\"Bohua Crystal Gifts\",\"url\":\"https:\/\/crystalgifts.co\/\",\"logo\":{\"@type\":\"ImageObject\",\"inLanguage\":\"zh-Hans\",\"@id\":\"https:\/\/crystalgifts.co\/#\/schema\/logo\/image\/\",\"url\":\"https:\/\/crystalgifts.co\/wp-content\/uploads\/2023\/03\/bohua-Pink-and-black.png\",\"contentUrl\":\"https:\/\/crystalgifts.co\/wp-content\/uploads\/2023\/03\/bohua-Pink-and-black.png\",\"width\":350,\"height\":70,\"caption\":\"Bohua Crystal Gifts\"},\"image\":{\"@id\":\"https:\/\/crystalgifts.co\/#\/schema\/logo\/image\/\"},\"sameAs\":[\"https:\/\/www.facebook.com\/profile.php?id=100073669855872\",\"https:\/\/twitter.com\/BohuaCrystal\"]}]}<\/script>\n<!-- \/ Yoast SEO plugin. -->","yoast_head_json":{"title":"Crystal laser 114 - Bohua Crystal Awards Trophy Crafts Gifts","robots":{"index":"index","follow":"follow","max-snippet":"max-snippet:-1","max-image-preview":"max-image-preview:large","max-video-preview":"max-video-preview:-1"},"canonical":"https:\/\/crystalgifts.co\/?product=crystal-laser-114","og_locale":"zh_CN","og_type":"article","og_title":"Crystal laser 114 - Bohua Crystal Awards Trophy Crafts Gifts","og_description":"Crystal Product Details Description\uff1a    Size\uff08mm\uff09L x W x H Material Grades Packaging   \u00d8100 K9 A Gift Box   \u00d8120 K9 A Gift Box   \u00d8140 K9 A Gift Box   \u00d8160 K9 A Gift Box   \u00d8180 K9 A Gift Box   \u00d8200 K9 A Gift Box   \u00d8220 K9 A Gift Box    Products process:\u00a0Crystal 3D laser internal engraving shib dog.  Crystal laser engraved products can be personalized with custom designs, text, and logos tailored to your unique specifications.\u00a0 turnaround time for sample production is 3-5 days. Contact us now to learn more about our bespoke crystal products and personalized laser engraving services.","og_url":"https:\/\/crystalgifts.co\/?product=crystal-laser-114","og_site_name":"Bohua Crystal Awards Trophy Crafts Gifts","article_publisher":"https:\/\/www.facebook.com\/profile.php?id=100073669855872","article_modified_time":"2023-03-25T03:12:56+00:00","og_image":[{"width":700,"height":700,"url":"https:\/\/crystalgifts.co\/wp-content\/uploads\/2023\/03\/crystal_laser_114.jpg","type":"image\/jpeg"}],"twitter_card":"summary_large_image","twitter_site":"@BohuaCrystal","schema":{"@context":"https:\/\/schema.org","@graph":[{"@type":"WebPage","@id":"https:\/\/crystalgifts.co\/?product=crystal-laser-114","url":"https:\/\/crystalgifts.co\/?product=crystal-laser-114","name":"Crystal laser 114 - Bohua Crystal Awards Trophy Crafts Gifts","isPartOf":{"@id":"https:\/\/crystalgifts.co\/#website"},"datePublished":"2023-03-25T03:12:55+00:00","dateModified":"2023-03-25T03:12:56+00:00","breadcrumb":{"@id":"https:\/\/crystalgifts.co\/?product=crystal-laser-114#breadcrumb"},"inLanguage":"zh-Hans","potentialAction":[{"@type":"ReadAction","target":["https:\/\/crystalgifts.co\/?product=crystal-laser-114"]}]},{"@type":"BreadcrumbList","@id":"https:\/\/crystalgifts.co\/?product=crystal-laser-114#breadcrumb","itemListElement":[{"@type":"ListItem","position":1,"name":"\u9996\u9875","item":"https:\/\/crystalgifts.co\/"},{"@type":"ListItem","position":2,"name":"\u4ea7\u54c1","item":"https:\/\/crystalgifts.co\/?post_type=product"},{"@type":"ListItem","position":3,"name":"Crystal laser 114"}]},{"@type":"WebSite","@id":"https:\/\/crystalgifts.co\/#website","url":"https:\/\/crystalgifts.co\/","name":"Bohua Crystal Awards Trophy Crystal Crafts Gifts","description":"Crystal Crafts Crystal Gifts And Crystal Awards  Crystal Business Souvenirs Preferred","publisher":{"@id":"https:\/\/crystalgifts.co\/#organization"},"potentialAction":[{"@type":"SearchAction","target":{"@type":"EntryPoint","urlTemplate":"https:\/\/crystalgifts.co\/?s={search_term_string}"},"query-input":"required name=search_term_string"}],"inLanguage":"zh-Hans"},{"@type":"Organization","@id":"https:\/\/crystalgifts.co\/#organization","name":"Bohua Crystal Gifts","url":"https:\/\/crystalgifts.co\/","logo":{"@type":"ImageObject","inLanguage":"zh-Hans","@id":"https:\/\/crystalgifts.co\/#\/schema\/logo\/image\/","url":"https:\/\/crystalgifts.co\/wp-content\/uploads\/2023\/03\/bohua-Pink-and-black.png","contentUrl":"https:\/\/crystalgifts.co\/wp-content\/uploads\/2023\/03\/bohua-Pink-and-black.png","width":350,"height":70,"caption":"Bohua Crystal Gifts"},"image":{"@id":"https:\/\/crystalgifts.co\/#\/schema\/logo\/image\/"},"sameAs":["https:\/\/www.facebook.com\/profile.php?id=100073669855872","https:\/\/twitter.com\/BohuaCrystal"]}]}},"_links":{"self":[{"href":"https:\/\/crystalgifts.co\/index.php?rest_route=\/wp\/v2\/product\/869","targetHints":{"allow":["GET"]}}],"collection":[{"href":"https:\/\/crystalgifts.co\/index.php?rest_route=\/wp\/v2\/product"}],"about":[{"href":"https:\/\/crystalgifts.co\/index.php?rest_route=\/wp\/v2\/types\/product"}],"replies":[{"embeddable":true,"href":"https:\/\/crystalgifts.co\/index.php?rest_route=%2Fwp%2Fv2%2Fcomments&post=869"}],"wp:featuredmedia":[{"embeddable":true,"href":"https:\/\/crystalgifts.co\/index.php?rest_route=\/wp\/v2\/media\/777"}],"wp:attachment":[{"href":"https:\/\/crystalgifts.co\/index.php?rest_route=%2Fwp%2Fv2%2Fmedia&parent=869"}],"wp:term":[{"taxonomy":"product_cat","embeddable":true,"href":"https:\/\/crystalgifts.co\/index.php?rest_route=%2Fwp%2Fv2%2Fproduct_cat&post=869"},{"taxonomy":"product_tag","embeddable":true,"href":"https:\/\/crystalgifts.co\/index.php?rest_route=%2Fwp%2Fv2%2Fproduct_tag&post=869"}],"curies":[{"name":"wp","href":"https:\/\/api.w.org\/{rel}","templated":true}]}}